{"id":787,"date":"2026-05-14T13:27:20","date_gmt":"2026-05-14T13:27:20","guid":{"rendered":"https:\/\/pockettrademall.shop\/?post_type=product&#038;p=787"},"modified":"2026-05-14T14:27:12","modified_gmt":"2026-05-14T14:27:12","slug":"automatic-cat-water-fountain-2-2l-battery-powered-pet-fountain-with-motion-sensor-wireless-silent-design-for-dogs-cats-top-picks","status":"publish","type":"product","link":"https:\/\/pockettrademall.shop\/de\/produkt\/automatic-cat-water-fountain-2-2l-battery-powered-pet-fountain-with-motion-sensor-wireless-silent-design-for-dogs-cats-top-picks\/","title":{"rendered":"Automatic Cat Water Fountain 2.2L Battery Powered Pet Fountain with Motion Sensor, Wireless Silent Design for Dogs &#038; Cats #TOP PICKS"},"content":{"rendered":"<div data-elementor-type=\"product-post\" data-elementor-id=\"787\" class=\"elementor elementor-787\" data-elementor-post-type=\"product\">\n\t\t\t\t<div class=\"elementor-element elementor-element-3c18bd73 e-flex e-con-boxed e-con e-parent\" data-id=\"3c18bd73\" data-element_type=\"container\" data-e-type=\"container\" data-settings=\"{&quot;ekit_has_onepagescroll_dot&quot;:&quot;yes&quot;}\">\n\t\t\t\t\t<div class=\"e-con-inner\">\n\t\t\t\t<div class=\"elementor-element elementor-element-6aa2c330 elementor-widget elementor-widget-image\" data-id=\"6aa2c330\" data-element_type=\"widget\" data-e-type=\"widget\" data-settings=\"{&quot;ekit_we_effect_on&quot;:&quot;none&quot;}\" data-widget_type=\"image.default\">\n\t\t\t\t\t\t\t\t\t\t\t\t\t\t\t<img fetchpriority=\"high\" decoding=\"async\" width=\"950\" height=\"1125\" src=\"https:\/\/pockettrademall.shop\/wp-content\/uploads\/2026\/05\/Sd1ff5e94f49d4cfdb9e5ae8e8730787eH.webp\" class=\"attachment-full size-full wp-image-826 wvs-archive-product-image\" alt=\"\" srcset=\"https:\/\/pockettrademall.shop\/wp-content\/uploads\/2026\/05\/Sd1ff5e94f49d4cfdb9e5ae8e8730787eH.webp 950w, https:\/\/pockettrademall.shop\/wp-content\/uploads\/2026\/05\/Sd1ff5e94f49d4cfdb9e5ae8e8730787eH-253x300.webp 253w, https:\/\/pockettrademall.shop\/wp-content\/uploads\/2026\/05\/Sd1ff5e94f49d4cfdb9e5ae8e8730787eH-865x1024.webp 865w, https:\/\/pockettrademall.shop\/wp-content\/uploads\/2026\/05\/Sd1ff5e94f49d4cfdb9e5ae8e8730787eH-768x909.webp 768w, https:\/\/pockettrademall.shop\/wp-content\/uploads\/2026\/05\/Sd1ff5e94f49d4cfdb9e5ae8e8730787eH-10x12.webp 10w, https:\/\/pockettrademall.shop\/wp-content\/uploads\/2026\/05\/Sd1ff5e94f49d4cfdb9e5ae8e8730787eH-600x711.webp 600w\" sizes=\"(max-width: 950px) 100vw, 950px\" \/>\t\t\t\t\t\t\t\t\t\t\t\t\t\t\t<\/div>\n\t\t\t\t<div class=\"elementor-element elementor-element-2f8628ac elementor-widget elementor-widget-image\" data-id=\"2f8628ac\" data-element_type=\"widget\" data-e-type=\"widget\" data-settings=\"{&quot;ekit_we_effect_on&quot;:&quot;none&quot;}\" data-widget_type=\"image.default\">\n\t\t\t\t\t\t\t\t\t\t\t\t\t\t\t<img decoding=\"async\" width=\"950\" height=\"1055\" src=\"https:\/\/pockettrademall.shop\/wp-content\/uploads\/2026\/05\/Sac0b3eb4999245d3bc42ce6a9d9902f7H.webp\" class=\"attachment-full size-full wp-image-827 wvs-archive-product-image\" alt=\"\" srcset=\"https:\/\/pockettrademall.shop\/wp-content\/uploads\/2026\/05\/Sac0b3eb4999245d3bc42ce6a9d9902f7H.webp 950w, https:\/\/pockettrademall.shop\/wp-content\/uploads\/2026\/05\/Sac0b3eb4999245d3bc42ce6a9d9902f7H-270x300.webp 270w, https:\/\/pockettrademall.shop\/wp-content\/uploads\/2026\/05\/Sac0b3eb4999245d3bc42ce6a9d9902f7H-922x1024.webp 922w, https:\/\/pockettrademall.shop\/wp-content\/uploads\/2026\/05\/Sac0b3eb4999245d3bc42ce6a9d9902f7H-768x853.webp 768w, https:\/\/pockettrademall.shop\/wp-content\/uploads\/2026\/05\/Sac0b3eb4999245d3bc42ce6a9d9902f7H-11x12.webp 11w, https:\/\/pockettrademall.shop\/wp-content\/uploads\/2026\/05\/Sac0b3eb4999245d3bc42ce6a9d9902f7H-600x666.webp 600w\" sizes=\"(max-width: 950px) 100vw, 950px\" \/>\t\t\t\t\t\t\t\t\t\t\t\t\t\t\t<\/div>\n\t\t\t\t<div class=\"elementor-element elementor-element-26aa486 elementor-widget elementor-widget-image\" data-id=\"26aa486\" data-element_type=\"widget\" data-e-type=\"widget\" data-settings=\"{&quot;ekit_we_effect_on&quot;:&quot;none&quot;}\" data-widget_type=\"image.default\">\n\t\t\t\t\t\t\t\t\t\t\t\t\t\t\t<img decoding=\"async\" width=\"950\" height=\"1280\" src=\"https:\/\/pockettrademall.shop\/wp-content\/uploads\/2026\/05\/Sa1677530271d454ba85f1a240f547d6eQ.webp\" class=\"attachment-full size-full wp-image-828 wvs-archive-product-image\" alt=\"\" srcset=\"https:\/\/pockettrademall.shop\/wp-content\/uploads\/2026\/05\/Sa1677530271d454ba85f1a240f547d6eQ.webp 950w, https:\/\/pockettrademall.shop\/wp-content\/uploads\/2026\/05\/Sa1677530271d454ba85f1a240f547d6eQ-223x300.webp 223w, https:\/\/pockettrademall.shop\/wp-content\/uploads\/2026\/05\/Sa1677530271d454ba85f1a240f547d6eQ-760x1024.webp 760w, https:\/\/pockettrademall.shop\/wp-content\/uploads\/2026\/05\/Sa1677530271d454ba85f1a240f547d6eQ-768x1035.webp 768w, https:\/\/pockettrademall.shop\/wp-content\/uploads\/2026\/05\/Sa1677530271d454ba85f1a240f547d6eQ-9x12.webp 9w, https:\/\/pockettrademall.shop\/wp-content\/uploads\/2026\/05\/Sa1677530271d454ba85f1a240f547d6eQ-600x808.webp 600w\" sizes=\"(max-width: 950px) 100vw, 950px\" \/>\t\t\t\t\t\t\t\t\t\t\t\t\t\t\t<\/div>\n\t\t\t\t<div class=\"elementor-element elementor-element-6c4ffb72 elementor-widget elementor-widget-image\" data-id=\"6c4ffb72\" data-element_type=\"widget\" data-e-type=\"widget\" data-settings=\"{&quot;ekit_we_effect_on&quot;:&quot;none&quot;}\" data-widget_type=\"image.default\">\n\t\t\t\t\t\t\t\t\t\t\t\t\t\t\t<img loading=\"lazy\" decoding=\"async\" width=\"950\" height=\"885\" src=\"https:\/\/pockettrademall.shop\/wp-content\/uploads\/2026\/05\/S4837c50fa2de4b379fd2a353bae38827u.webp\" class=\"attachment-full size-full wp-image-829 wvs-archive-product-image\" alt=\"\" srcset=\"https:\/\/pockettrademall.shop\/wp-content\/uploads\/2026\/05\/S4837c50fa2de4b379fd2a353bae38827u.webp 950w, https:\/\/pockettrademall.shop\/wp-content\/uploads\/2026\/05\/S4837c50fa2de4b379fd2a353bae38827u-300x279.webp 300w, https:\/\/pockettrademall.shop\/wp-content\/uploads\/2026\/05\/S4837c50fa2de4b379fd2a353bae38827u-768x715.webp 768w, https:\/\/pockettrademall.shop\/wp-content\/uploads\/2026\/05\/S4837c50fa2de4b379fd2a353bae38827u-13x12.webp 13w, https:\/\/pockettrademall.shop\/wp-content\/uploads\/2026\/05\/S4837c50fa2de4b379fd2a353bae38827u-600x559.webp 600w\" sizes=\"(max-width: 950px) 100vw, 950px\" \/>\t\t\t\t\t\t\t\t\t\t\t\t\t\t\t<\/div>\n\t\t\t\t<div class=\"elementor-element elementor-element-38905e4a elementor-widget elementor-widget-image\" data-id=\"38905e4a\" data-element_type=\"widget\" data-e-type=\"widget\" data-settings=\"{&quot;ekit_we_effect_on&quot;:&quot;none&quot;}\" data-widget_type=\"image.default\">\n\t\t\t\t\t\t\t\t\t\t\t\t\t\t\t<img loading=\"lazy\" decoding=\"async\" width=\"950\" height=\"1404\" src=\"https:\/\/pockettrademall.shop\/wp-content\/uploads\/2026\/05\/S4726ebb43c4249cb84d32a56a1b231e3c.webp\" class=\"attachment-full size-full wp-image-830 wvs-archive-product-image\" alt=\"\" srcset=\"https:\/\/pockettrademall.shop\/wp-content\/uploads\/2026\/05\/S4726ebb43c4249cb84d32a56a1b231e3c.webp 950w, https:\/\/pockettrademall.shop\/wp-content\/uploads\/2026\/05\/S4726ebb43c4249cb84d32a56a1b231e3c-203x300.webp 203w, https:\/\/pockettrademall.shop\/wp-content\/uploads\/2026\/05\/S4726ebb43c4249cb84d32a56a1b231e3c-693x1024.webp 693w, https:\/\/pockettrademall.shop\/wp-content\/uploads\/2026\/05\/S4726ebb43c4249cb84d32a56a1b231e3c-768x1135.webp 768w, https:\/\/pockettrademall.shop\/wp-content\/uploads\/2026\/05\/S4726ebb43c4249cb84d32a56a1b231e3c-8x12.webp 8w, https:\/\/pockettrademall.shop\/wp-content\/uploads\/2026\/05\/S4726ebb43c4249cb84d32a56a1b231e3c-600x887.webp 600w\" sizes=\"(max-width: 950px) 100vw, 950px\" \/>\t\t\t\t\t\t\t\t\t\t\t\t\t\t\t<\/div>\n\t\t\t\t<div class=\"elementor-element elementor-element-3af9131b elementor-widget elementor-widget-image\" data-id=\"3af9131b\" data-element_type=\"widget\" data-e-type=\"widget\" data-settings=\"{&quot;ekit_we_effect_on&quot;:&quot;none&quot;}\" data-widget_type=\"image.default\">\n\t\t\t\t\t\t\t\t\t\t\t\t\t\t\t<img loading=\"lazy\" decoding=\"async\" width=\"950\" height=\"1194\" src=\"https:\/\/pockettrademall.shop\/wp-content\/uploads\/2026\/05\/S40bf1e6f75bc4523b920c534a31a506eJ.webp\" class=\"attachment-full size-full wp-image-831 wvs-archive-product-image\" alt=\"\" srcset=\"https:\/\/pockettrademall.shop\/wp-content\/uploads\/2026\/05\/S40bf1e6f75bc4523b920c534a31a506eJ.webp 950w, https:\/\/pockettrademall.shop\/wp-content\/uploads\/2026\/05\/S40bf1e6f75bc4523b920c534a31a506eJ-239x300.webp 239w, https:\/\/pockettrademall.shop\/wp-content\/uploads\/2026\/05\/S40bf1e6f75bc4523b920c534a31a506eJ-815x1024.webp 815w, https:\/\/pockettrademall.shop\/wp-content\/uploads\/2026\/05\/S40bf1e6f75bc4523b920c534a31a506eJ-768x965.webp 768w, https:\/\/pockettrademall.shop\/wp-content\/uploads\/2026\/05\/S40bf1e6f75bc4523b920c534a31a506eJ-10x12.webp 10w, https:\/\/pockettrademall.shop\/wp-content\/uploads\/2026\/05\/S40bf1e6f75bc4523b920c534a31a506eJ-600x754.webp 600w\" sizes=\"(max-width: 950px) 100vw, 950px\" \/>\t\t\t\t\t\t\t\t\t\t\t\t\t\t\t<\/div>\n\t\t\t\t<div class=\"elementor-element elementor-element-1731b01d elementor-widget elementor-widget-image\" data-id=\"1731b01d\" data-element_type=\"widget\" data-e-type=\"widget\" data-settings=\"{&quot;ekit_we_effect_on&quot;:&quot;none&quot;}\" data-widget_type=\"image.default\">\n\t\t\t\t\t\t\t\t\t\t\t\t\t\t\t<img loading=\"lazy\" decoding=\"async\" width=\"950\" height=\"1217\" src=\"https:\/\/pockettrademall.shop\/wp-content\/uploads\/2026\/05\/S7c53d2e3d84d4efbbe8489da4e8db0631.webp\" class=\"attachment-full size-full wp-image-832 wvs-archive-product-image\" alt=\"\" srcset=\"https:\/\/pockettrademall.shop\/wp-content\/uploads\/2026\/05\/S7c53d2e3d84d4efbbe8489da4e8db0631.webp 950w, https:\/\/pockettrademall.shop\/wp-content\/uploads\/2026\/05\/S7c53d2e3d84d4efbbe8489da4e8db0631-234x300.webp 234w, https:\/\/pockettrademall.shop\/wp-content\/uploads\/2026\/05\/S7c53d2e3d84d4efbbe8489da4e8db0631-799x1024.webp 799w, https:\/\/pockettrademall.shop\/wp-content\/uploads\/2026\/05\/S7c53d2e3d84d4efbbe8489da4e8db0631-768x984.webp 768w, https:\/\/pockettrademall.shop\/wp-content\/uploads\/2026\/05\/S7c53d2e3d84d4efbbe8489da4e8db0631-9x12.webp 9w, https:\/\/pockettrademall.shop\/wp-content\/uploads\/2026\/05\/S7c53d2e3d84d4efbbe8489da4e8db0631-600x769.webp 600w\" sizes=\"(max-width: 950px) 100vw, 950px\" \/>\t\t\t\t\t\t\t\t\t\t\t\t\t\t\t<\/div>\n\t\t\t\t<div class=\"elementor-element elementor-element-7451ce51 elementor-widget elementor-widget-image\" data-id=\"7451ce51\" data-element_type=\"widget\" data-e-type=\"widget\" data-settings=\"{&quot;ekit_we_effect_on&quot;:&quot;none&quot;}\" data-widget_type=\"image.default\">\n\t\t\t\t\t\t\t\t\t\t\t\t\t\t\t<img loading=\"lazy\" decoding=\"async\" width=\"950\" height=\"1403\" src=\"https:\/\/pockettrademall.shop\/wp-content\/uploads\/2026\/05\/S7b68024227894d4bb2aa72d74aa947c47.webp\" class=\"attachment-full size-full wp-image-833 wvs-archive-product-image\" alt=\"\" srcset=\"https:\/\/pockettrademall.shop\/wp-content\/uploads\/2026\/05\/S7b68024227894d4bb2aa72d74aa947c47.webp 950w, https:\/\/pockettrademall.shop\/wp-content\/uploads\/2026\/05\/S7b68024227894d4bb2aa72d74aa947c47-203x300.webp 203w, https:\/\/pockettrademall.shop\/wp-content\/uploads\/2026\/05\/S7b68024227894d4bb2aa72d74aa947c47-693x1024.webp 693w, https:\/\/pockettrademall.shop\/wp-content\/uploads\/2026\/05\/S7b68024227894d4bb2aa72d74aa947c47-768x1134.webp 768w, https:\/\/pockettrademall.shop\/wp-content\/uploads\/2026\/05\/S7b68024227894d4bb2aa72d74aa947c47-8x12.webp 8w, https:\/\/pockettrademall.shop\/wp-content\/uploads\/2026\/05\/S7b68024227894d4bb2aa72d74aa947c47-600x886.webp 600w\" sizes=\"(max-width: 950px) 100vw, 950px\" \/>\t\t\t\t\t\t\t\t\t\t\t\t\t\t\t<\/div>\n\t\t\t\t<div class=\"elementor-element elementor-element-34809a8d elementor-widget elementor-widget-image\" data-id=\"34809a8d\" data-element_type=\"widget\" data-e-type=\"widget\" data-settings=\"{&quot;ekit_we_effect_on&quot;:&quot;none&quot;}\" data-widget_type=\"image.default\">\n\t\t\t\t\t\t\t\t\t\t\t\t\t\t\t<img loading=\"lazy\" decoding=\"async\" width=\"950\" height=\"1669\" src=\"https:\/\/pockettrademall.shop\/wp-content\/uploads\/2026\/05\/S4e6bd89fc7774bcab8f1e3fa7f3f679eP.webp\" class=\"attachment-full size-full wp-image-834 wvs-archive-product-image\" alt=\"\" srcset=\"https:\/\/pockettrademall.shop\/wp-content\/uploads\/2026\/05\/S4e6bd89fc7774bcab8f1e3fa7f3f679eP.webp 950w, https:\/\/pockettrademall.shop\/wp-content\/uploads\/2026\/05\/S4e6bd89fc7774bcab8f1e3fa7f3f679eP-171x300.webp 171w, https:\/\/pockettrademall.shop\/wp-content\/uploads\/2026\/05\/S4e6bd89fc7774bcab8f1e3fa7f3f679eP-583x1024.webp 583w, https:\/\/pockettrademall.shop\/wp-content\/uploads\/2026\/05\/S4e6bd89fc7774bcab8f1e3fa7f3f679eP-768x1349.webp 768w, https:\/\/pockettrademall.shop\/wp-content\/uploads\/2026\/05\/S4e6bd89fc7774bcab8f1e3fa7f3f679eP-874x1536.webp 874w, https:\/\/pockettrademall.shop\/wp-content\/uploads\/2026\/05\/S4e6bd89fc7774bcab8f1e3fa7f3f679eP-7x12.webp 7w, https:\/\/pockettrademall.shop\/wp-content\/uploads\/2026\/05\/S4e6bd89fc7774bcab8f1e3fa7f3f679eP-600x1054.webp 600w\" sizes=\"(max-width: 950px) 100vw, 950px\" \/>\t\t\t\t\t\t\t\t\t\t\t\t\t\t\t<\/div>\n\t\t\t\t<div class=\"elementor-element elementor-element-6c0d9df4 elementor-widget elementor-widget-image\" data-id=\"6c0d9df4\" data-element_type=\"widget\" data-e-type=\"widget\" data-settings=\"{&quot;ekit_we_effect_on&quot;:&quot;none&quot;}\" data-widget_type=\"image.default\">\n\t\t\t\t\t\t\t\t\t\t\t\t\t\t\t<img loading=\"lazy\" decoding=\"async\" width=\"950\" height=\"1345\" src=\"https:\/\/pockettrademall.shop\/wp-content\/uploads\/2026\/05\/Secc058fb04104777996b47696663493c1.webp\" class=\"attachment-full size-full wp-image-835 wvs-archive-product-image\" alt=\"\" srcset=\"https:\/\/pockettrademall.shop\/wp-content\/uploads\/2026\/05\/Secc058fb04104777996b47696663493c1.webp 950w, https:\/\/pockettrademall.shop\/wp-content\/uploads\/2026\/05\/Secc058fb04104777996b47696663493c1-212x300.webp 212w, https:\/\/pockettrademall.shop\/wp-content\/uploads\/2026\/05\/Secc058fb04104777996b47696663493c1-723x1024.webp 723w, https:\/\/pockettrademall.shop\/wp-content\/uploads\/2026\/05\/Secc058fb04104777996b47696663493c1-768x1087.webp 768w, https:\/\/pockettrademall.shop\/wp-content\/uploads\/2026\/05\/Secc058fb04104777996b47696663493c1-8x12.webp 8w, https:\/\/pockettrademall.shop\/wp-content\/uploads\/2026\/05\/Secc058fb04104777996b47696663493c1-600x849.webp 600w\" sizes=\"(max-width: 950px) 100vw, 950px\" \/>\t\t\t\t\t\t\t\t\t\t\t\t\t\t\t<\/div>\n\t\t\t\t<div class=\"elementor-element elementor-element-6f4ead7a elementor-widget elementor-widget-image\" data-id=\"6f4ead7a\" data-element_type=\"widget\" data-e-type=\"widget\" data-settings=\"{&quot;ekit_we_effect_on&quot;:&quot;none&quot;}\" data-widget_type=\"image.default\">\n\t\t\t\t\t\t\t\t\t\t\t\t\t\t\t<img loading=\"lazy\" decoding=\"async\" width=\"950\" height=\"1288\" src=\"https:\/\/pockettrademall.shop\/wp-content\/uploads\/2026\/05\/Sd4289afd6b2e460d981c1e9444352c6bV.webp\" class=\"attachment-full size-full wp-image-836 wvs-archive-product-image\" alt=\"\" srcset=\"https:\/\/pockettrademall.shop\/wp-content\/uploads\/2026\/05\/Sd4289afd6b2e460d981c1e9444352c6bV.webp 950w, https:\/\/pockettrademall.shop\/wp-content\/uploads\/2026\/05\/Sd4289afd6b2e460d981c1e9444352c6bV-221x300.webp 221w, https:\/\/pockettrademall.shop\/wp-content\/uploads\/2026\/05\/Sd4289afd6b2e460d981c1e9444352c6bV-755x1024.webp 755w, https:\/\/pockettrademall.shop\/wp-content\/uploads\/2026\/05\/Sd4289afd6b2e460d981c1e9444352c6bV-768x1041.webp 768w, https:\/\/pockettrademall.shop\/wp-content\/uploads\/2026\/05\/Sd4289afd6b2e460d981c1e9444352c6bV-9x12.webp 9w, https:\/\/pockettrademall.shop\/wp-content\/uploads\/2026\/05\/Sd4289afd6b2e460d981c1e9444352c6bV-600x813.webp 600w\" sizes=\"(max-width: 950px) 100vw, 950px\" \/>\t\t\t\t\t\t\t\t\t\t\t\t\t\t\t<\/div>\n\t\t\t\t<div class=\"elementor-element elementor-element-7d2a4c8f elementor-widget elementor-widget-text-editor\" data-id=\"7d2a4c8f\" data-element_type=\"widget\" data-e-type=\"widget\" data-settings=\"{&quot;ekit_we_effect_on&quot;:&quot;none&quot;}\" data-widget_type=\"text-editor.default\">\n\t\t\t\t\t\t\t\t\t<!DOCTYPE html>\n<html>\n<head>\n    <meta charset=\"UTF-8\">\n    <title>Product Attributes<\/title>\n    <style>\n        table {\n            border-collapse: collapse;\n            width: 100%; \/* \u8868\u683c\u5bbd\u5ea6\u8bbe\u4e3a100% *\/\n        }\n        td {\n            border: 1px solid #333;\n            padding: 10px;\n            text-align: left;\n        }\n    <\/style>\n<\/head>\n<body>\n    <table>\n        <tr>\n            <td>Bater\u00eda incluida<\/td>\n            <td>S\u00cd<\/td>\n        <\/tr>\n        <tr>\n            <td>Producto qu\u00edmico de alta preocupaci\u00f3n<\/td>\n            <td>Ninguno<\/td>\n        <\/tr>\n        <tr>\n            <td>Dispositivo Inteligente<\/td>\n            <td>No<\/td>\n        <\/tr>\n        <tr>\n            <td>Pantalla LCD<\/td>\n            <td>No<\/td>\n        <\/tr>\n        <tr>\n            <td>Material<\/td>\n            <td>pl\u00e1stico<\/td>\n        <\/tr>\n        <tr>\n            <td>Fuente de Alimentaci\u00f3n<\/td>\n            <td>Bater\u00eda<\/td>\n        <\/tr>\n        <tr>\n            <td>Con dispensador de agua<\/td>\n            <td>S\u00ed<\/td>\n        <\/tr>\n        <tr>\n            <td>Salida m\u00e1xima<\/td>\n            <td>100 gramos<\/td>\n        <\/tr>\n        <tr>\n            <td>Configuraci\u00f3n de Tiempo<\/td>\n            <td>NO<\/td>\n        <\/tr>\n        <tr>\n            <td>Salida m\u00ednima<\/td>\n            <td>100 gramos<\/td>\n        <\/tr>\n        <tr>\n            <td>Nombre de la marca<\/td>\n            <td>ROJECO<\/td>\n        <\/tr>\n        <tr>\n            <td>Fuente de Alimentaci\u00f3n<\/td>\n            <td>Bater\u00eda<\/td>\n        <\/tr>\n        <tr>\n            <td>Tipo<\/td>\n            <td>gatos<\/td>\n        <\/tr>\n    <\/table>\n<\/body>\n<\/html>\t\t\t\t\t\t\t\t<\/div>\n\t\t\t\t\t<\/div>\n\t\t\t\t<\/div>\n\t\t\t\t<\/div>","protected":false},"excerpt":{"rendered":"<p>Product Attributes Bater\u00eda incluida S\u00cd Producto qu\u00edmico de alta preocupaci\u00f3n Ninguno Dispositivo Inteligente No Pantalla LCD No Material pl\u00e1stico Fuente de Alimentaci\u00f3n Bater\u00eda Con dispensador de agua S\u00ed Salida m\u00e1xima 100 gramos Configuraci\u00f3n de Tiempo NO Salida m\u00ednima 100 gramos Nombre de la marca ROJECO Fuente de Alimentaci\u00f3n Bater\u00eda Tipo gatos<\/p>","protected":false},"featured_media":788,"comment_status":"open","ping_status":"closed","template":"","meta":{"_acf_changed":false},"product_brand":[],"product_cat":[35,28],"product_tag":[],"class_list":{"0":"post-787","1":"product","2":"type-product","3":"status-publish","4":"has-post-thumbnail","6":"product_cat-new-in","7":"product_cat-pet-care","9":"first","10":"instock","11":"sale","12":"shipping-taxable","13":"purchasable","14":"product-type-simple"},"acf":[],"_links":{"self":[{"href":"https:\/\/pockettrademall.shop\/de\/wp-json\/wp\/v2\/product\/787","targetHints":{"allow":["GET"]}}],"collection":[{"href":"https:\/\/pockettrademall.shop\/de\/wp-json\/wp\/v2\/product"}],"about":[{"href":"https:\/\/pockettrademall.shop\/de\/wp-json\/wp\/v2\/types\/product"}],"replies":[{"embeddable":true,"href":"https:\/\/pockettrademall.shop\/de\/wp-json\/wp\/v2\/comments?post=787"}],"version-history":[{"count":4,"href":"https:\/\/pockettrademall.shop\/de\/wp-json\/wp\/v2\/product\/787\/revisions"}],"predecessor-version":[{"id":852,"href":"https:\/\/pockettrademall.shop\/de\/wp-json\/wp\/v2\/product\/787\/revisions\/852"}],"wp:featuredmedia":[{"embeddable":true,"href":"https:\/\/pockettrademall.shop\/de\/wp-json\/wp\/v2\/media\/788"}],"wp:attachment":[{"href":"https:\/\/pockettrademall.shop\/de\/wp-json\/wp\/v2\/media?parent=787"}],"wp:term":[{"taxonomy":"product_brand","embeddable":true,"href":"https:\/\/pockettrademall.shop\/de\/wp-json\/wp\/v2\/product_brand?post=787"},{"taxonomy":"product_cat","embeddable":true,"href":"https:\/\/pockettrademall.shop\/de\/wp-json\/wp\/v2\/product_cat?post=787"},{"taxonomy":"product_tag","embeddable":true,"href":"https:\/\/pockettrademall.shop\/de\/wp-json\/wp\/v2\/product_tag?post=787"}],"curies":[{"name":"wp","href":"https:\/\/api.w.org\/{rel}","templated":true}]}}